
{"id":11010,"date":"2016-03-16T08:20:06","date_gmt":"2016-03-16T08:20:06","guid":{"rendered":"https:\/\/www.loco.pt\/es\/reservas-contactos\/"},"modified":"2024-12-06T17:24:31","modified_gmt":"2024-12-06T17:24:31","slug":"reservas-contactos","status":"publish","type":"page","link":"https:\/\/www.loco.pt\/es\/reservas-contactos\/","title":{"rendered":"Reservas &#038; Contactos"},"content":{"rendered":"<p>[vc_row][vc_column][vc_column_text]<strong>Reservas<\/strong><\/p>\n<p>T.: 213 951 861 (custo de chamada para a rede fixa nacional)<br \/>\nM.: Rua dos Navegantes, n\u00ba53-B, 1200-731 Lisboa<\/p>\n<p>Ter\u00e7a a S\u00e1bado, das 19h00 \u00e0s 01h00 horas<\/p>\n<p><strong>Outros<\/strong><br \/>\n<a href=\"mailto:info@alexandresilva.pt\">info@alexandresilva.pt<\/a><br \/>\n<a href=\"mailto:loco.reservas@alexandresilva.pt\">loco.reservas@alexandresilva.pt<\/a><br \/>\n<a href=\"mailto:loco.cozinha@alexandresilva.pt\">loco.cozinha@alexandresilva.pt<\/a><\/p>\n<p><strong>Recrutamento | Est\u00e1gios<\/strong><br \/>\n<a href=\"mailto:recrutamento@alexandresilva.pt\">recrutamento@alexandresilva.pt<\/a><\/p>\n<p><strong>POL\u00cdTICA DE RESERVAS<\/strong><\/p>\n<p>\u2014 As reservas s\u00e3o geridas pelo sistema <em>The Fork. <\/em>Caso exista alguma d\u00favida, n\u00e3o hesite em contactar-nos diretamente.<\/p>\n<p>\u2014 Em caso de n\u00e3o preenchimento do campo &#8220;Alergias&#8221;, n\u00e3o nos responsabilizamos por qualquer problema que possa surgir.<\/p>\n<p>\u2014 N\u00e3o fazemos menus vegetarianos.<\/p>\n<p>\u2014 N\u00e3o temos menus especiais para crian\u00e7as.<\/p>\n<p>[\/vc_column_text][\/vc_column][\/vc_row]<\/p>\n","protected":false},"excerpt":{"rendered":"<p>[vc_row][vc_column][vc_column_text]Reservas T.: 213 951 861 (custo de chamada para a rede fixa nacional) M.: Rua dos Navegantes, n\u00ba53-B, 1200-731 Lisboa Ter\u00e7a a S\u00e1bado, das 19h00 \u00e0s 01h00 horas Outros info@alexandresilva.pt loco.reservas@alexandresilva.pt loco.cozinha@alexandresilva.pt Recrutamento | Est\u00e1gios recrutamento@alexandresilva.pt POL\u00cdTICA DE RESERVAS \u2014 As reservas s\u00e3o geridas pelo sistema The Fork. Caso exista alguma d\u00favida, n\u00e3o hesite em [&hellip;]<\/p>\n","protected":false},"author":4,"featured_media":11021,"parent":0,"menu_order":7,"comment_status":"closed","ping_status":"closed","template":"template-reservation.php","meta":{"ngg_post_thumbnail":0},"acf":[],"aioseo_notices":[],"_links":{"self":[{"href":"https:\/\/www.loco.pt\/es\/wp-json\/wp\/v2\/pages\/11010"}],"collection":[{"href":"https:\/\/www.loco.pt\/es\/wp-json\/wp\/v2\/pages"}],"about":[{"href":"https:\/\/www.loco.pt\/es\/wp-json\/wp\/v2\/types\/page"}],"author":[{"embeddable":true,"href":"https:\/\/www.loco.pt\/es\/wp-json\/wp\/v2\/users\/4"}],"replies":[{"embeddable":true,"href":"https:\/\/www.loco.pt\/es\/wp-json\/wp\/v2\/comments?post=11010"}],"version-history":[{"count":27,"href":"https:\/\/www.loco.pt\/es\/wp-json\/wp\/v2\/pages\/11010\/revisions"}],"predecessor-version":[{"id":37778,"href":"https:\/\/www.loco.pt\/es\/wp-json\/wp\/v2\/pages\/11010\/revisions\/37778"}],"wp:featuredmedia":[{"embeddable":true,"href":"https:\/\/www.loco.pt\/es\/wp-json\/wp\/v2\/media\/11021"}],"wp:attachment":[{"href":"https:\/\/www.loco.pt\/es\/wp-json\/wp\/v2\/media?parent=11010"}],"curies":[{"name":"wp","href":"https:\/\/api.w.org\/{rel}","templated":true}]}}